{"id":48,"date":"2026-02-25T19:23:06","date_gmt":"2026-02-25T18:23:06","guid":{"rendered":"https:\/\/www.profondoverde.it\/?page_id=48"},"modified":"2026-04-03T18:47:16","modified_gmt":"2026-04-03T16:47:16","slug":"regole-della-casa","status":"publish","type":"page","link":"https:\/\/www.profondoverde.it\/index.php\/regole-della-casa\/","title":{"rendered":"Regole della casa"},"content":{"rendered":"\n<figure class=\"wp-block-image size-large is-resized\"><img loading=\"lazy\" decoding=\"async\" width=\"768\" height=\"1024\" src=\"http:\/\/www.profondoverde.it\/wp-content\/uploads\/2026\/03\/IMG_6751-768x1024.jpg\" alt=\"\" class=\"wp-image-156\" style=\"width:200px\" srcset=\"https:\/\/www.profondoverde.it\/wp-content\/uploads\/2026\/03\/IMG_6751-768x1024.jpg 768w, https:\/\/www.profondoverde.it\/wp-content\/uploads\/2026\/03\/IMG_6751-225x300.jpg 225w, https:\/\/www.profondoverde.it\/wp-content\/uploads\/2026\/03\/IMG_6751-1152x1536.jpg 1152w, https:\/\/www.profondoverde.it\/wp-content\/uploads\/2026\/03\/IMG_6751-1536x2048.jpg 1536w, https:\/\/www.profondoverde.it\/wp-content\/uploads\/2026\/03\/IMG_6751-scaled.jpg 1920w\" sizes=\"auto, (max-width: 767px) 89vw, (max-width: 1000px) 54vw, (max-width: 1071px) 543px, 580px\" \/><\/figure>\n\n\n\n<p>Si invita <strong>a leggere con attenzione tutti i punti riportati di seguito<\/strong>. Buon soggiorno !<\/p>\n\n\n\n<ul class=\"wp-block-list\">\n<li>Massimo 3 ospiti<\/li>\n\n\n\n<li>All&#8217;arrivo \u00e8 necessario versare una cauzione di 100\u20ac. Verr\u00e0 restituita al termine del soggiorno previa verifica condizioni degli alloggi.<\/li>\n\n\n\n<li>Pulizia finale costo 50\u20ac<\/li>\n\n\n\n<li>All&#8217;appartamento (piano primo) si accede tramite una scala ad uso esclusivo (circa 20 scalini), NON \u00e8 presente l&#8217;ascensore. E&#8217; presente un primo portone al piano terra (ingresso vano scala) e un altro portone al piano primo (ingresso soggiorno).<\/li>\n\n\n\n<li>Bambini ammessi con et\u00e0 superiore ad anni 6 (non sono presenti lettini o culle o spondine)<\/li>\n\n\n\n<li>Vista l&#8217;ubicazione e conformazione degli spazi <strong>Animali NON AMMESSI<\/strong><\/li>\n\n\n\n<li>No smoking &#8211; Vietato fumare all&#8217;interno<\/li>\n\n\n\n<li>Check-in: ore 15:00 &#8211; 17:00 da concordare ora prima dell&#8217;arrivo (late check-in disponibile a seconda del periodo con supplemento di \u20ac 50,00)<\/li>\n\n\n\n<li>Check-out: <strong>entro le ore 10:00<\/strong> inderogabile per motivi di pulizie e cambio ospiti<\/li>\n\n\n\n<li>Vietato organizzare feste\/eventi<\/li>\n\n\n\n<li>Nella casa possono soggiornare solo gli ospiti registrati ( max. 3 persone)<\/li>\n\n\n\n<li>Vietato tenere musica ad alto volume, fare schiamazzi\/rumori<\/li>\n\n\n\n<li><strong>Lenzuola e asciugamani sono a carico del cliente<\/strong>. Biancheria da camera e da bagno disponibile SU RICHIESTA con supplemento, specificare al momento della prenotazione.<\/li>\n\n\n\n<li>Si arriva davanti alla porta di ingresso con l&#8217;auto solo per carico e scarico all&#8217;arrivo e alla partenza, l&#8217;auto dovr\u00e0 poi essere parcheggiata normalmente nell&#8217;apposito piazzale (sempre privato) dove \u00e8 presente un posto auto riservato compreso nel prezzo del soggiorno.<\/li>\n\n\n\n<li>Il condizionatore (1 split) \u00e8 presente nel disimpegno tra la camera e il soggiorno.<\/li>\n\n\n\n<li>Il fornello \u00e8 a gas (non induzione)<\/li>\n\n\n\n<li>Non c&#8217;\u00e8 balcone n\u00e8 terrazzo n\u00e8 giardino privato.<\/li>\n\n\n\n<li>Non \u00e8 presente la rete WI-FI<\/li>\n\n\n\n<li>Elettrodomestici presenti: Frigo, forno, forno microonde, lavatrice, TV lcd, condizionatore<\/li>\n\n\n\n<li>Appartamento \u00e8 composto da soggiorno con angolo cottura a gas, ampia camera matrimoniale con un letto matrimoniale standard 160&#215;190 e uno singolo 80&#215;195, disimpegno e bagno finestrato. Sono presenti le zanzariere alle finestre.<\/li>\n\n\n\n<li>Biancheria cucina fornita ( n. 1 asciugamano e n. 1 canovaccio, spugne, detersivo per piatti, sgrassatore spray )<\/li>\n\n\n\n<li>Effettuare la raccolta dei rifiuti regolarmente e portarli via ai cassonetti presenti sul viale principale<\/li>\n\n\n\n<li>Lasciare l&#8217;appartamento in condizioni decorose. In caso di danni saranno addebitati i relativi costi.<\/li>\n\n\n\n<li>Presenti estintore e rilevatore gas<\/li>\n\n\n\n<li><strong>Termini di cancellazione: perdita della caparra versata per recesso fino a 30 gg prima della data di arrivo prevista. Oltre tale data sar\u00e0 addebitato l&#8217;intero importo dovuto.<\/strong><\/li>\n\n\n\n<li>Tassa di soggiorno (1,50\u20ac al giorno p.p. ) secondo normativa Comune di Piombino da pagarsi all&#8217;arrivo in contanti.<\/li>\n<\/ul>\n\n\n\n<p><\/p>\n","protected":false},"excerpt":{"rendered":"<p>Si invita a leggere con attenzione tutti i punti riportati di seguito. Buon soggiorno !<\/p>\n","protected":false},"author":1,"featured_media":0,"parent":0,"menu_order":0,"comment_status":"closed","ping_status":"closed","template":"","meta":{"footnotes":""},"class_list":["post-48","page","type-page","status-publish","hentry"],"_links":{"self":[{"href":"https:\/\/www.profondoverde.it\/index.php\/wp-json\/wp\/v2\/pages\/48","targetHints":{"allow":["GET"]}}],"collection":[{"href":"https:\/\/www.profondoverde.it\/index.php\/wp-json\/wp\/v2\/pages"}],"about":[{"href":"https:\/\/www.profondoverde.it\/index.php\/wp-json\/wp\/v2\/types\/page"}],"author":[{"embeddable":true,"href":"https:\/\/www.profondoverde.it\/index.php\/wp-json\/wp\/v2\/users\/1"}],"replies":[{"embeddable":true,"href":"https:\/\/www.profondoverde.it\/index.php\/wp-json\/wp\/v2\/comments?post=48"}],"version-history":[{"count":26,"href":"https:\/\/www.profondoverde.it\/index.php\/wp-json\/wp\/v2\/pages\/48\/revisions"}],"predecessor-version":[{"id":220,"href":"https:\/\/www.profondoverde.it\/index.php\/wp-json\/wp\/v2\/pages\/48\/revisions\/220"}],"wp:attachment":[{"href":"https:\/\/www.profondoverde.it\/index.php\/wp-json\/wp\/v2\/media?parent=48"}],"curies":[{"name":"wp","href":"https:\/\/api.w.org\/{rel}","templated":true}]}}